{"id":9,"date":"2015-06-10T22:39:38","date_gmt":"2015-06-10T20:39:38","guid":{"rendered":"http:\/\/chinskiuczony.pl\/ksmstudio\/?page_id=9"},"modified":"2025-03-24T16:47:48","modified_gmt":"2025-03-24T15:47:48","slug":"kartony-klapowe","status":"publish","type":"page","link":"https:\/\/ksmstudio.pl\/nowastr\/ksmstudio\/kartony-klapowe\/","title":{"rendered":"Kartony klapowe"},"content":{"rendered":"<div class=\"column column-span-1 column-narrow column-first\">\n<section id=\"elm-text-_e1d21bcfbb3a7f-main\" class=\"elm-main elm-text-main load-finished\">\n<div class=\"elm-wrapper elm-text-wrapper\">\n<div id=\"elm-text-_e1d21bcfbb3a7f\" class=\"elm-text\">\n<div class=\"entry-content\">\n<h5><span style=\"font-size: 16px;\">Jeste\u015bmy producentem wysokiej jako\u015bci karton\u00f3w, oferuj\u0105cym szerok\u0105 gam\u0119 rozwi\u0105za\u0144 opakowaniowych dla r\u00f3\u017cnorodnych bran\u017c i potrzeb. Od pocz\u0105tku naszej dzia\u0142alno\u015bci skupiamy si\u0119 na dostarczaniu klientom karton\u00f3w doskona\u0142ej jako\u015bci, kt\u00f3re s\u0105 nie tylko funkcjonalne, ale tak\u017ce spe\u0142niaj\u0105 najwy\u017csze standardy ekologiczne.<\/span><\/h5>\n<h5><span style=\"font-size: 16px;\"><strong>Nasza oferta:<\/strong><\/span><\/h5>\n<ul>\n<li>\n<h5><span style=\"font-size: 16px;\"><strong>Kartony opakowaniowe:<\/strong>\u00a0Oferujemy r\u00f3\u017cnorodne rozmiary i rodzaje karton\u00f3w opakowaniowych, doskonale nadaj\u0105ce si\u0119 do pakowania, przechowywania i transportu r\u00f3\u017cnego rodzaju produkt\u00f3w. Nasze opakowania s\u0105 solidne, wytrzyma\u0142e i zapewniaj\u0105 ochron\u0119 Twojego towaru w ka\u017cdych warunkach<strong>.<\/strong><\/span><\/h5>\n<\/li>\n<li>\n<h5><span style=\"font-size: 16px;\"><strong>Kartony przemys\u0142owe:<\/strong>\u00a0Specjalizujemy si\u0119 w produkcji karton\u00f3w przemys\u0142owych, kt\u00f3re s\u0105 niezb\u0119dne w procesach produkcyjnych oraz do zabezpieczenia i transportu ci\u0119\u017ckich, delikatnych lub nietypowych przedmiot\u00f3w<strong>.<\/strong><\/span><\/h5>\n<\/li>\n<li>\n<h5><span style=\"font-size: 16px;\"><strong>Kartony ekologiczne:<\/strong>\u00a0Jeste\u015bmy \u015bwiadomi wp\u0142ywu naszej dzia\u0142alno\u015bci na \u015brodowisko, dlatego stawiamy na produkcj\u0119 karton\u00f3w ekologicznych. Nasze opakowania s\u0105 w wi\u0119kszo\u015bci wykonane z materia\u0142\u00f3w pochodz\u0105cych z recyklingu oraz s\u0105 w pe\u0142ni nadaj\u0105ce si\u0119 do ponownego przetworzenia.<\/span><\/h5>\n<\/li>\n<li>\n<h5><span style=\"font-size: 16px;\"><strong>Kartony personalizowane:<\/strong>\u00a0Chcemy, aby Twoje opakowania wyr\u00f3\u017cnia\u0142y si\u0119 na rynku. Dlatego oferujemy mo\u017cliwo\u015b\u0107 personalizacji karton\u00f3w, zar\u00f3wno pod wzgl\u0119dem rozmiaru, kszta\u0142tu, jak i wzornictwa. Dzi\u0119ki temu Twoje produkty b\u0119d\u0105 si\u0119 wyr\u00f3\u017cnia\u0142y i przyci\u0105ga\u0142y uwag\u0119 klient\u00f3w.<\/span><\/h5>\n<\/li>\n<\/ul>\n<\/div>\n<\/div>\n<\/div>\n<\/section>\n<\/div>\n<div class=\"column column-span-1 column-narrow column-last\">\n<section id=\"elm-text-_e40499d3a84f27-main\" class=\"elm-main elm-text-main load-finished\">\n<div class=\"elm-wrapper elm-text-wrapper\">\n<div id=\"elm-text-_e40499d3a84f27\" class=\"elm-text\">\n<div class=\"entry-content\">\n<h5><span style=\"font-size: 16px;\"><strong>Dlaczego warto wybra\u0107:<\/strong><\/span><\/h5>\n<ul>\n<li>\n<h5><span style=\"font-size: 16px;\"><strong>Do\u015bwiadczenie i profesjonalizm:<\/strong>\u00a0Jeste\u015bmy firm\u0105 z wieloletnim do\u015bwiadczeniem w bran\u017cy opakowaniowej. Nasz zesp\u00f3\u0142 sk\u0142ada si\u0119 z ekspert\u00f3w, kt\u00f3rzy s\u0105 gotowi sprosta\u0107 nawet najbardziej wymagaj\u0105cym potrzebom klienta.<\/span><\/h5>\n<\/li>\n<li>\n<h5><span style=\"font-size: 16px;\"><strong>Najwy\u017csza jako\u015b\u0107:<\/strong>\u00a0Dbamy o to, aby nasze kartony by\u0142y wykonane z najlepszych materia\u0142\u00f3w i spe\u0142nia\u0142y najwy\u017csze standardy jako\u015bciowe. Dzi\u0119ki temu masz pewno\u015b\u0107, \u017ce Twoje produkty b\u0119d\u0105 bezpieczne i dobrze zabezpieczone.<\/span><\/h5>\n<\/li>\n<li>\n<h5><span style=\"font-size: 16px;\"><strong>Wsparcie klienta:<\/strong>\u00a0Naszym celem jest pe\u0142ne zadowolenie klienta, dlatego oferujemy wsparcie na ka\u017cdym etapie wsp\u00f3\u0142pracy \u2013 od doradztwa przy wyborze odpowiednich karton\u00f3w po szybk\u0105 i sprawn\u0105 obs\u0142ug\u0119 zam\u00f3wienia.<\/span><\/h5>\n<\/li>\n<\/ul>\n<h5><span style=\"font-size: 16px;\"><strong>Je\u015bli szukasz niezawodnego partnera w dziedzinie karton\u00f3w, kt\u00f3ry dostarczy Ci rozwi\u0105zania idealnie dopasowane do Twoich potrzeb, to jest w\u0142a\u015bnie dla Ciebie!<\/strong><\/span><\/h5>\n<h5><span style=\"font-size: 16px;\"><strong>Skontaktuj si\u0119 z nami ju\u017c dzi\u015b, aby dowiedzie\u0107 si\u0119 wi\u0119cej o naszej ofercie i zacz\u0105\u0107 wsp\u00f3\u0142prac\u0119.<\/strong><\/span><\/h5>\n<\/div>\n<\/div>\n<\/div>\n<\/section>\n<\/div>\n","protected":false},"excerpt":{"rendered":"<p>Jeste\u015bmy producentem wysokiej jako\u015bci karton\u00f3w, oferuj\u0105cym szerok\u0105 gam\u0119 rozwi\u0105za\u0144 opakowaniowych dla r\u00f3\u017cnorodnych bran\u017c i potrzeb. Od pocz\u0105tku naszej dzia\u0142alno\u015bci skupiamy si\u0119 na dostarczaniu klientom karton\u00f3w doskona\u0142ej jako\u015bci, kt\u00f3re s\u0105 nie tylko funkcjonalne, ale tak\u017ce spe\u0142niaj\u0105 najwy\u017csze standardy ekologiczne. Nasza oferta: Kartony opakowaniowe:\u00a0Oferujemy r\u00f3\u017cnorodne rozmiary i rodzaje karton\u00f3w opakowaniowych, doskonale nadaj\u0105ce si\u0119 do pakowania, przechowywania i [&hellip;]<\/p>\n","protected":false},"author":1,"featured_media":0,"parent":0,"menu_order":0,"comment_status":"closed","ping_status":"closed","template":"","meta":{"ngg_post_thumbnail":0,"footnotes":""},"class_list":["post-9","page","type-page","status-publish","hentry"],"yoast_head":"<!-- This site is optimized with the Yoast SEO plugin v24.5 - https:\/\/yoast.com\/wordpress\/plugins\/seo\/ -->\n<title>Kartony klapowe - Ksm Studio<\/title>\n<meta name=\"robots\" content=\"index, follow, max-snippet:-1, max-image-preview:large, max-video-preview:-1\" \/>\n<link rel=\"canonical\" href=\"https:\/\/ksmstudio.pl\/nowastr\/ksmstudio\/kartony-klapowe\/\" \/>\n<meta property=\"og:locale\" content=\"pl_PL\" \/>\n<meta property=\"og:type\" content=\"article\" \/>\n<meta property=\"og:title\" content=\"Kartony klapowe - Ksm Studio\" \/>\n<meta property=\"og:description\" content=\"Jeste\u015bmy producentem wysokiej jako\u015bci karton\u00f3w, oferuj\u0105cym szerok\u0105 gam\u0119 rozwi\u0105za\u0144 opakowaniowych dla r\u00f3\u017cnorodnych bran\u017c i potrzeb. Od pocz\u0105tku naszej dzia\u0142alno\u015bci skupiamy si\u0119 na dostarczaniu klientom karton\u00f3w doskona\u0142ej jako\u015bci, kt\u00f3re s\u0105 nie tylko funkcjonalne, ale tak\u017ce spe\u0142niaj\u0105 najwy\u017csze standardy ekologiczne. Nasza oferta: Kartony opakowaniowe:\u00a0Oferujemy r\u00f3\u017cnorodne rozmiary i rodzaje karton\u00f3w opakowaniowych, doskonale nadaj\u0105ce si\u0119 do pakowania, przechowywania i [&hellip;]\" \/>\n<meta property=\"og:url\" content=\"https:\/\/ksmstudio.pl\/nowastr\/ksmstudio\/kartony-klapowe\/\" \/>\n<meta property=\"og:site_name\" content=\"Ksm Studio\" \/>\n<meta property=\"article:publisher\" content=\"https:\/\/www.facebook.com\/KsmStudiopl\" \/>\n<meta property=\"article:modified_time\" content=\"2025-03-24T15:47:48+00:00\" \/>\n<meta name=\"twitter:card\" content=\"summary_large_image\" \/>\n<meta name=\"twitter:label1\" content=\"Szacowany czas czytania\" \/>\n\t<meta name=\"twitter:data1\" content=\"2 minuty\" \/>\n<script type=\"application\/ld+json\" class=\"yoast-schema-graph\">{\"@context\":\"https:\/\/schema.org\",\"@graph\":[{\"@type\":\"WebPage\",\"@id\":\"https:\/\/ksmstudio.pl\/nowastr\/ksmstudio\/kartony-klapowe\/\",\"url\":\"https:\/\/ksmstudio.pl\/nowastr\/ksmstudio\/kartony-klapowe\/\",\"name\":\"Kartony klapowe - Ksm Studio\",\"isPartOf\":{\"@id\":\"https:\/\/ksmstudio.pl\/nowastr\/ksmstudio\/#website\"},\"datePublished\":\"2015-06-10T20:39:38+00:00\",\"dateModified\":\"2025-03-24T15:47:48+00:00\",\"breadcrumb\":{\"@id\":\"https:\/\/ksmstudio.pl\/nowastr\/ksmstudio\/kartony-klapowe\/#breadcrumb\"},\"inLanguage\":\"pl-PL\",\"potentialAction\":[{\"@type\":\"ReadAction\",\"target\":[\"https:\/\/ksmstudio.pl\/nowastr\/ksmstudio\/kartony-klapowe\/\"]}]},{\"@type\":\"BreadcrumbList\",\"@id\":\"https:\/\/ksmstudio.pl\/nowastr\/ksmstudio\/kartony-klapowe\/#breadcrumb\",\"itemListElement\":[{\"@type\":\"ListItem\",\"position\":1,\"name\":\"Strona g\u0142\u00f3wna\",\"item\":\"https:\/\/ksmstudio.pl\/nowastr\/ksmstudio\/\"},{\"@type\":\"ListItem\",\"position\":2,\"name\":\"Kartony klapowe\"}]},{\"@type\":\"WebSite\",\"@id\":\"https:\/\/ksmstudio.pl\/nowastr\/ksmstudio\/#website\",\"url\":\"https:\/\/ksmstudio.pl\/nowastr\/ksmstudio\/\",\"name\":\"Ksm Studio\",\"description\":\"Drukarnia Reklama Opakowania\",\"publisher\":{\"@id\":\"https:\/\/ksmstudio.pl\/nowastr\/ksmstudio\/#organization\"},\"potentialAction\":[{\"@type\":\"SearchAction\",\"target\":{\"@type\":\"EntryPoint\",\"urlTemplate\":\"https:\/\/ksmstudio.pl\/nowastr\/ksmstudio\/?s={search_term_string}\"},\"query-input\":{\"@type\":\"PropertyValueSpecification\",\"valueRequired\":true,\"valueName\":\"search_term_string\"}}],\"inLanguage\":\"pl-PL\"},{\"@type\":\"Organization\",\"@id\":\"https:\/\/ksmstudio.pl\/nowastr\/ksmstudio\/#organization\",\"name\":\"Ksm Studio Klaudia Szyszko-Marceniuk\",\"url\":\"https:\/\/ksmstudio.pl\/nowastr\/ksmstudio\/\",\"logo\":{\"@type\":\"ImageObject\",\"inLanguage\":\"pl-PL\",\"@id\":\"https:\/\/ksmstudio.pl\/nowastr\/ksmstudio\/#\/schema\/logo\/image\/\",\"url\":\"https:\/\/ksmstudio.pl\/nowastr\/ksmstudio\/wp-content\/uploads\/2017\/09\/oocjiljjlgjkilam.png\",\"contentUrl\":\"https:\/\/ksmstudio.pl\/nowastr\/ksmstudio\/wp-content\/uploads\/2017\/09\/oocjiljjlgjkilam.png\",\"width\":200,\"height\":200,\"caption\":\"Ksm Studio Klaudia Szyszko-Marceniuk\"},\"image\":{\"@id\":\"https:\/\/ksmstudio.pl\/nowastr\/ksmstudio\/#\/schema\/logo\/image\/\"},\"sameAs\":[\"https:\/\/www.facebook.com\/KsmStudiopl\",\"https:\/\/www.instagram.com\/ksmstudiolegnica\/\"]}]}<\/script>\n<!-- \/ Yoast SEO plugin. -->","yoast_head_json":{"title":"Kartony klapowe - Ksm Studio","robots":{"index":"index","follow":"follow","max-snippet":"max-snippet:-1","max-image-preview":"max-image-preview:large","max-video-preview":"max-video-preview:-1"},"canonical":"https:\/\/ksmstudio.pl\/nowastr\/ksmstudio\/kartony-klapowe\/","og_locale":"pl_PL","og_type":"article","og_title":"Kartony klapowe - Ksm Studio","og_description":"Jeste\u015bmy producentem wysokiej jako\u015bci karton\u00f3w, oferuj\u0105cym szerok\u0105 gam\u0119 rozwi\u0105za\u0144 opakowaniowych dla r\u00f3\u017cnorodnych bran\u017c i potrzeb. Od pocz\u0105tku naszej dzia\u0142alno\u015bci skupiamy si\u0119 na dostarczaniu klientom karton\u00f3w doskona\u0142ej jako\u015bci, kt\u00f3re s\u0105 nie tylko funkcjonalne, ale tak\u017ce spe\u0142niaj\u0105 najwy\u017csze standardy ekologiczne. Nasza oferta: Kartony opakowaniowe:\u00a0Oferujemy r\u00f3\u017cnorodne rozmiary i rodzaje karton\u00f3w opakowaniowych, doskonale nadaj\u0105ce si\u0119 do pakowania, przechowywania i [&hellip;]","og_url":"https:\/\/ksmstudio.pl\/nowastr\/ksmstudio\/kartony-klapowe\/","og_site_name":"Ksm Studio","article_publisher":"https:\/\/www.facebook.com\/KsmStudiopl","article_modified_time":"2025-03-24T15:47:48+00:00","twitter_card":"summary_large_image","twitter_misc":{"Szacowany czas czytania":"2 minuty"},"schema":{"@context":"https:\/\/schema.org","@graph":[{"@type":"WebPage","@id":"https:\/\/ksmstudio.pl\/nowastr\/ksmstudio\/kartony-klapowe\/","url":"https:\/\/ksmstudio.pl\/nowastr\/ksmstudio\/kartony-klapowe\/","name":"Kartony klapowe - Ksm Studio","isPartOf":{"@id":"https:\/\/ksmstudio.pl\/nowastr\/ksmstudio\/#website"},"datePublished":"2015-06-10T20:39:38+00:00","dateModified":"2025-03-24T15:47:48+00:00","breadcrumb":{"@id":"https:\/\/ksmstudio.pl\/nowastr\/ksmstudio\/kartony-klapowe\/#breadcrumb"},"inLanguage":"pl-PL","potentialAction":[{"@type":"ReadAction","target":["https:\/\/ksmstudio.pl\/nowastr\/ksmstudio\/kartony-klapowe\/"]}]},{"@type":"BreadcrumbList","@id":"https:\/\/ksmstudio.pl\/nowastr\/ksmstudio\/kartony-klapowe\/#breadcrumb","itemListElement":[{"@type":"ListItem","position":1,"name":"Strona g\u0142\u00f3wna","item":"https:\/\/ksmstudio.pl\/nowastr\/ksmstudio\/"},{"@type":"ListItem","position":2,"name":"Kartony klapowe"}]},{"@type":"WebSite","@id":"https:\/\/ksmstudio.pl\/nowastr\/ksmstudio\/#website","url":"https:\/\/ksmstudio.pl\/nowastr\/ksmstudio\/","name":"Ksm Studio","description":"Drukarnia Reklama Opakowania","publisher":{"@id":"https:\/\/ksmstudio.pl\/nowastr\/ksmstudio\/#organization"},"potentialAction":[{"@type":"SearchAction","target":{"@type":"EntryPoint","urlTemplate":"https:\/\/ksmstudio.pl\/nowastr\/ksmstudio\/?s={search_term_string}"},"query-input":{"@type":"PropertyValueSpecification","valueRequired":true,"valueName":"search_term_string"}}],"inLanguage":"pl-PL"},{"@type":"Organization","@id":"https:\/\/ksmstudio.pl\/nowastr\/ksmstudio\/#organization","name":"Ksm Studio Klaudia Szyszko-Marceniuk","url":"https:\/\/ksmstudio.pl\/nowastr\/ksmstudio\/","logo":{"@type":"ImageObject","inLanguage":"pl-PL","@id":"https:\/\/ksmstudio.pl\/nowastr\/ksmstudio\/#\/schema\/logo\/image\/","url":"https:\/\/ksmstudio.pl\/nowastr\/ksmstudio\/wp-content\/uploads\/2017\/09\/oocjiljjlgjkilam.png","contentUrl":"https:\/\/ksmstudio.pl\/nowastr\/ksmstudio\/wp-content\/uploads\/2017\/09\/oocjiljjlgjkilam.png","width":200,"height":200,"caption":"Ksm Studio Klaudia Szyszko-Marceniuk"},"image":{"@id":"https:\/\/ksmstudio.pl\/nowastr\/ksmstudio\/#\/schema\/logo\/image\/"},"sameAs":["https:\/\/www.facebook.com\/KsmStudiopl","https:\/\/www.instagram.com\/ksmstudiolegnica\/"]}]}},"_links":{"self":[{"href":"https:\/\/ksmstudio.pl\/nowastr\/ksmstudio\/wp-json\/wp\/v2\/pages\/9","targetHints":{"allow":["GET"]}}],"collection":[{"href":"https:\/\/ksmstudio.pl\/nowastr\/ksmstudio\/wp-json\/wp\/v2\/pages"}],"about":[{"href":"https:\/\/ksmstudio.pl\/nowastr\/ksmstudio\/wp-json\/wp\/v2\/types\/page"}],"author":[{"embeddable":true,"href":"https:\/\/ksmstudio.pl\/nowastr\/ksmstudio\/wp-json\/wp\/v2\/users\/1"}],"replies":[{"embeddable":true,"href":"https:\/\/ksmstudio.pl\/nowastr\/ksmstudio\/wp-json\/wp\/v2\/comments?post=9"}],"version-history":[{"count":9,"href":"https:\/\/ksmstudio.pl\/nowastr\/ksmstudio\/wp-json\/wp\/v2\/pages\/9\/revisions"}],"predecessor-version":[{"id":1846,"href":"https:\/\/ksmstudio.pl\/nowastr\/ksmstudio\/wp-json\/wp\/v2\/pages\/9\/revisions\/1846"}],"wp:attachment":[{"href":"https:\/\/ksmstudio.pl\/nowastr\/ksmstudio\/wp-json\/wp\/v2\/media?parent=9"}],"curies":[{"name":"wp","href":"https:\/\/api.w.org\/{rel}","templated":true}]}}