{"id":355,"date":"2015-09-11T10:51:04","date_gmt":"2015-09-11T08:51:04","guid":{"rendered":"http:\/\/ksmstudio.pl\/nowastr\/ksmstudio\/?page_id=355"},"modified":"2025-03-13T06:52:37","modified_gmt":"2025-03-13T05:52:37","slug":"woreczki-z-nadrukiem","status":"publish","type":"page","link":"https:\/\/ksmstudio.pl\/nowastr\/ksmstudio\/woreczki-z-nadrukiem\/","title":{"rendered":"Woreczki z nadrukiem"},"content":{"rendered":"<h3 style=\"text-align: center;\">Woreczki z nadrukiem na ta\u015bm\u0119, strunowe i inne<\/h3>\n<h4 style=\"text-align: center;\">Je\u017celi szukacie Pa\u0144stwo sposobu na opakowanie i jednocze\u015bnie odpowiednie wyeksponowanie swojego produktu, proponujemy woreczki foliowe, szeroko\u015b\u0107 ju\u017c od 2 cm, zaklejane na ta\u015bm\u0119 (lub bez), z euro zawieszk\u0105 (lub bez), otwierane z do\u0142u lub z g\u00f3ry. Woreczki produkowane s\u0105 z folii PP, LDPE lub HDPE. Wykonujemy nadruk fleksograficzny do 6 kolor\u00f3w.<\/h4>\n<h4 style=\"text-align: center;\">W sta\u0142ej ofercie posiadamy r\u00f3wnie\u017c woreczki strunowe bardzo dobrej jako\u015bci o wielu rozmiarach. Woreczki posiadaj\u0105 praktyczne i mocne zamkni\u0119cie,kt\u00f3re mo\u017cna wykorzystywa\u0107 wielokrotnie do zamykania i otwierania.<\/h4>\n<h4 style=\"text-align: center;\">Ponadto na zam\u00f3wienie produkujemy woreczki strunowe lub na ta\u015bm\u0119 z wysokiej jako\u015bci nadrukiem. Oferujemy pe\u0142n\u0105 gam\u0119 kolorystyczn\u0105, mo\u017cliwo\u015b\u0107 zadruku folii w 100% oraz nadruk do 8 kolor\u00f3w.<\/h4>\n<h4 style=\"text-align: center;\">\u00a0<\/h4>\n<h4 style=\"text-align: center;\">\u00a0<\/h4>\n","protected":false},"excerpt":{"rendered":"<p>Woreczki z nadrukiem na ta\u015bm\u0119, strunowe i inne Je\u017celi szukacie Pa\u0144stwo sposobu na opakowanie i jednocze\u015bnie odpowiednie wyeksponowanie swojego produktu, proponujemy woreczki foliowe, szeroko\u015b\u0107 ju\u017c od 2 cm, zaklejane na ta\u015bm\u0119 (lub bez), z euro zawieszk\u0105 (lub bez), otwierane z do\u0142u lub z g\u00f3ry. Woreczki produkowane s\u0105 z folii PP, LDPE lub HDPE. Wykonujemy nadruk [&hellip;]<\/p>\n","protected":false},"author":1,"featured_media":0,"parent":0,"menu_order":0,"comment_status":"closed","ping_status":"closed","template":"","meta":{"ngg_post_thumbnail":0,"footnotes":""},"class_list":["post-355","page","type-page","status-publish","hentry"],"yoast_head":"<!-- This site is optimized with the Yoast SEO plugin v24.5 - https:\/\/yoast.com\/wordpress\/plugins\/seo\/ -->\n<title>Woreczki z nadrukiem - Ksm Studio<\/title>\n<meta name=\"robots\" content=\"index, follow, max-snippet:-1, max-image-preview:large, max-video-preview:-1\" \/>\n<link rel=\"canonical\" href=\"https:\/\/ksmstudio.pl\/nowastr\/ksmstudio\/woreczki-z-nadrukiem\/\" \/>\n<meta property=\"og:locale\" content=\"pl_PL\" \/>\n<meta property=\"og:type\" content=\"article\" \/>\n<meta property=\"og:title\" content=\"Woreczki z nadrukiem - Ksm Studio\" \/>\n<meta property=\"og:description\" content=\"Woreczki z nadrukiem na ta\u015bm\u0119, strunowe i inne Je\u017celi szukacie Pa\u0144stwo sposobu na opakowanie i jednocze\u015bnie odpowiednie wyeksponowanie swojego produktu, proponujemy woreczki foliowe, szeroko\u015b\u0107 ju\u017c od 2 cm, zaklejane na ta\u015bm\u0119 (lub bez), z euro zawieszk\u0105 (lub bez), otwierane z do\u0142u lub z g\u00f3ry. Woreczki produkowane s\u0105 z folii PP, LDPE lub HDPE. Wykonujemy nadruk [&hellip;]\" \/>\n<meta property=\"og:url\" content=\"https:\/\/ksmstudio.pl\/nowastr\/ksmstudio\/woreczki-z-nadrukiem\/\" \/>\n<meta property=\"og:site_name\" content=\"Ksm Studio\" \/>\n<meta property=\"article:publisher\" content=\"https:\/\/www.facebook.com\/KsmStudiopl\" \/>\n<meta property=\"article:modified_time\" content=\"2025-03-13T05:52:37+00:00\" \/>\n<meta name=\"twitter:card\" content=\"summary_large_image\" \/>\n<meta name=\"twitter:label1\" content=\"Szacowany czas czytania\" \/>\n\t<meta name=\"twitter:data1\" content=\"1 minuta\" \/>\n<script type=\"application\/ld+json\" class=\"yoast-schema-graph\">{\"@context\":\"https:\/\/schema.org\",\"@graph\":[{\"@type\":\"WebPage\",\"@id\":\"https:\/\/ksmstudio.pl\/nowastr\/ksmstudio\/woreczki-z-nadrukiem\/\",\"url\":\"https:\/\/ksmstudio.pl\/nowastr\/ksmstudio\/woreczki-z-nadrukiem\/\",\"name\":\"Woreczki z nadrukiem - Ksm Studio\",\"isPartOf\":{\"@id\":\"https:\/\/ksmstudio.pl\/nowastr\/ksmstudio\/#website\"},\"datePublished\":\"2015-09-11T08:51:04+00:00\",\"dateModified\":\"2025-03-13T05:52:37+00:00\",\"breadcrumb\":{\"@id\":\"https:\/\/ksmstudio.pl\/nowastr\/ksmstudio\/woreczki-z-nadrukiem\/#breadcrumb\"},\"inLanguage\":\"pl-PL\",\"potentialAction\":[{\"@type\":\"ReadAction\",\"target\":[\"https:\/\/ksmstudio.pl\/nowastr\/ksmstudio\/woreczki-z-nadrukiem\/\"]}]},{\"@type\":\"BreadcrumbList\",\"@id\":\"https:\/\/ksmstudio.pl\/nowastr\/ksmstudio\/woreczki-z-nadrukiem\/#breadcrumb\",\"itemListElement\":[{\"@type\":\"ListItem\",\"position\":1,\"name\":\"Strona g\u0142\u00f3wna\",\"item\":\"https:\/\/ksmstudio.pl\/nowastr\/ksmstudio\/\"},{\"@type\":\"ListItem\",\"position\":2,\"name\":\"Woreczki z nadrukiem\"}]},{\"@type\":\"WebSite\",\"@id\":\"https:\/\/ksmstudio.pl\/nowastr\/ksmstudio\/#website\",\"url\":\"https:\/\/ksmstudio.pl\/nowastr\/ksmstudio\/\",\"name\":\"Ksm Studio\",\"description\":\"Drukarnia Reklama Opakowania\",\"publisher\":{\"@id\":\"https:\/\/ksmstudio.pl\/nowastr\/ksmstudio\/#organization\"},\"potentialAction\":[{\"@type\":\"SearchAction\",\"target\":{\"@type\":\"EntryPoint\",\"urlTemplate\":\"https:\/\/ksmstudio.pl\/nowastr\/ksmstudio\/?s={search_term_string}\"},\"query-input\":{\"@type\":\"PropertyValueSpecification\",\"valueRequired\":true,\"valueName\":\"search_term_string\"}}],\"inLanguage\":\"pl-PL\"},{\"@type\":\"Organization\",\"@id\":\"https:\/\/ksmstudio.pl\/nowastr\/ksmstudio\/#organization\",\"name\":\"Ksm Studio Klaudia Szyszko-Marceniuk\",\"url\":\"https:\/\/ksmstudio.pl\/nowastr\/ksmstudio\/\",\"logo\":{\"@type\":\"ImageObject\",\"inLanguage\":\"pl-PL\",\"@id\":\"https:\/\/ksmstudio.pl\/nowastr\/ksmstudio\/#\/schema\/logo\/image\/\",\"url\":\"https:\/\/ksmstudio.pl\/nowastr\/ksmstudio\/wp-content\/uploads\/2017\/09\/oocjiljjlgjkilam.png\",\"contentUrl\":\"https:\/\/ksmstudio.pl\/nowastr\/ksmstudio\/wp-content\/uploads\/2017\/09\/oocjiljjlgjkilam.png\",\"width\":200,\"height\":200,\"caption\":\"Ksm Studio Klaudia Szyszko-Marceniuk\"},\"image\":{\"@id\":\"https:\/\/ksmstudio.pl\/nowastr\/ksmstudio\/#\/schema\/logo\/image\/\"},\"sameAs\":[\"https:\/\/www.facebook.com\/KsmStudiopl\",\"https:\/\/www.instagram.com\/ksmstudiolegnica\/\"]}]}<\/script>\n<!-- \/ Yoast SEO plugin. -->","yoast_head_json":{"title":"Woreczki z nadrukiem - Ksm Studio","robots":{"index":"index","follow":"follow","max-snippet":"max-snippet:-1","max-image-preview":"max-image-preview:large","max-video-preview":"max-video-preview:-1"},"canonical":"https:\/\/ksmstudio.pl\/nowastr\/ksmstudio\/woreczki-z-nadrukiem\/","og_locale":"pl_PL","og_type":"article","og_title":"Woreczki z nadrukiem - Ksm Studio","og_description":"Woreczki z nadrukiem na ta\u015bm\u0119, strunowe i inne Je\u017celi szukacie Pa\u0144stwo sposobu na opakowanie i jednocze\u015bnie odpowiednie wyeksponowanie swojego produktu, proponujemy woreczki foliowe, szeroko\u015b\u0107 ju\u017c od 2 cm, zaklejane na ta\u015bm\u0119 (lub bez), z euro zawieszk\u0105 (lub bez), otwierane z do\u0142u lub z g\u00f3ry. Woreczki produkowane s\u0105 z folii PP, LDPE lub HDPE. Wykonujemy nadruk [&hellip;]","og_url":"https:\/\/ksmstudio.pl\/nowastr\/ksmstudio\/woreczki-z-nadrukiem\/","og_site_name":"Ksm Studio","article_publisher":"https:\/\/www.facebook.com\/KsmStudiopl","article_modified_time":"2025-03-13T05:52:37+00:00","twitter_card":"summary_large_image","twitter_misc":{"Szacowany czas czytania":"1 minuta"},"schema":{"@context":"https:\/\/schema.org","@graph":[{"@type":"WebPage","@id":"https:\/\/ksmstudio.pl\/nowastr\/ksmstudio\/woreczki-z-nadrukiem\/","url":"https:\/\/ksmstudio.pl\/nowastr\/ksmstudio\/woreczki-z-nadrukiem\/","name":"Woreczki z nadrukiem - Ksm Studio","isPartOf":{"@id":"https:\/\/ksmstudio.pl\/nowastr\/ksmstudio\/#website"},"datePublished":"2015-09-11T08:51:04+00:00","dateModified":"2025-03-13T05:52:37+00:00","breadcrumb":{"@id":"https:\/\/ksmstudio.pl\/nowastr\/ksmstudio\/woreczki-z-nadrukiem\/#breadcrumb"},"inLanguage":"pl-PL","potentialAction":[{"@type":"ReadAction","target":["https:\/\/ksmstudio.pl\/nowastr\/ksmstudio\/woreczki-z-nadrukiem\/"]}]},{"@type":"BreadcrumbList","@id":"https:\/\/ksmstudio.pl\/nowastr\/ksmstudio\/woreczki-z-nadrukiem\/#breadcrumb","itemListElement":[{"@type":"ListItem","position":1,"name":"Strona g\u0142\u00f3wna","item":"https:\/\/ksmstudio.pl\/nowastr\/ksmstudio\/"},{"@type":"ListItem","position":2,"name":"Woreczki z nadrukiem"}]},{"@type":"WebSite","@id":"https:\/\/ksmstudio.pl\/nowastr\/ksmstudio\/#website","url":"https:\/\/ksmstudio.pl\/nowastr\/ksmstudio\/","name":"Ksm Studio","description":"Drukarnia Reklama Opakowania","publisher":{"@id":"https:\/\/ksmstudio.pl\/nowastr\/ksmstudio\/#organization"},"potentialAction":[{"@type":"SearchAction","target":{"@type":"EntryPoint","urlTemplate":"https:\/\/ksmstudio.pl\/nowastr\/ksmstudio\/?s={search_term_string}"},"query-input":{"@type":"PropertyValueSpecification","valueRequired":true,"valueName":"search_term_string"}}],"inLanguage":"pl-PL"},{"@type":"Organization","@id":"https:\/\/ksmstudio.pl\/nowastr\/ksmstudio\/#organization","name":"Ksm Studio Klaudia Szyszko-Marceniuk","url":"https:\/\/ksmstudio.pl\/nowastr\/ksmstudio\/","logo":{"@type":"ImageObject","inLanguage":"pl-PL","@id":"https:\/\/ksmstudio.pl\/nowastr\/ksmstudio\/#\/schema\/logo\/image\/","url":"https:\/\/ksmstudio.pl\/nowastr\/ksmstudio\/wp-content\/uploads\/2017\/09\/oocjiljjlgjkilam.png","contentUrl":"https:\/\/ksmstudio.pl\/nowastr\/ksmstudio\/wp-content\/uploads\/2017\/09\/oocjiljjlgjkilam.png","width":200,"height":200,"caption":"Ksm Studio Klaudia Szyszko-Marceniuk"},"image":{"@id":"https:\/\/ksmstudio.pl\/nowastr\/ksmstudio\/#\/schema\/logo\/image\/"},"sameAs":["https:\/\/www.facebook.com\/KsmStudiopl","https:\/\/www.instagram.com\/ksmstudiolegnica\/"]}]}},"_links":{"self":[{"href":"https:\/\/ksmstudio.pl\/nowastr\/ksmstudio\/wp-json\/wp\/v2\/pages\/355","targetHints":{"allow":["GET"]}}],"collection":[{"href":"https:\/\/ksmstudio.pl\/nowastr\/ksmstudio\/wp-json\/wp\/v2\/pages"}],"about":[{"href":"https:\/\/ksmstudio.pl\/nowastr\/ksmstudio\/wp-json\/wp\/v2\/types\/page"}],"author":[{"embeddable":true,"href":"https:\/\/ksmstudio.pl\/nowastr\/ksmstudio\/wp-json\/wp\/v2\/users\/1"}],"replies":[{"embeddable":true,"href":"https:\/\/ksmstudio.pl\/nowastr\/ksmstudio\/wp-json\/wp\/v2\/comments?post=355"}],"version-history":[{"count":4,"href":"https:\/\/ksmstudio.pl\/nowastr\/ksmstudio\/wp-json\/wp\/v2\/pages\/355\/revisions"}],"predecessor-version":[{"id":1719,"href":"https:\/\/ksmstudio.pl\/nowastr\/ksmstudio\/wp-json\/wp\/v2\/pages\/355\/revisions\/1719"}],"wp:attachment":[{"href":"https:\/\/ksmstudio.pl\/nowastr\/ksmstudio\/wp-json\/wp\/v2\/media?parent=355"}],"curies":[{"name":"wp","href":"https:\/\/api.w.org\/{rel}","templated":true}]}}