{"id":1769,"date":"2025-02-24T15:04:07","date_gmt":"2025-02-24T14:04:07","guid":{"rendered":"https:\/\/ksmstudio.pl\/nowastr\/ksmstudio\/?page_id=1769"},"modified":"2025-02-24T15:25:21","modified_gmt":"2025-02-24T14:25:21","slug":"drukarnia","status":"publish","type":"page","link":"https:\/\/ksmstudio.pl\/nowastr\/ksmstudio\/drukarnia\/","title":{"rendered":"Drukarnia"},"content":{"rendered":"<h5>Jako nowoczesna drukarnia oferujemy kompleksowe us\u0142ugi druku cyfrowego, offsetowego oraz wielkoformatowego, kt\u00f3re \u0142\u0105cz\u0105 w sobie precyzj\u0119, szybko\u015b\u0107 realizacji i najwy\u017csz\u0105 jako\u015b\u0107 wykonania. Dzi\u0119ki naszemu zaawansowanemu parkowi maszynowemu oraz wykwalifikowanemu zespo\u0142owi specjalist\u00f3w jeste\u015bmy w stanie realizowa\u0107 nawet najbardziej z\u0142o\u017cone i wymagaj\u0105ce projekty, spe\u0142niaj\u0105c oczekiwania najbardziej wymagaj\u0105cych klient\u00f3w. Dbamy o ka\u017cdy detal, a nasze wydruki odznaczaj\u0105 si\u0119 wyj\u0105tkow\u0105 jako\u015bci\u0105, co doskonale oddaje charakter Twojej marki i skutecznie wyr\u00f3\u017cnia j\u0105 na tle konkurencji.<\/h5>\n<h5>W naszej bogatej ofercie znajdziesz druk materia\u0142\u00f3w reklamowych, takich jak ulotki, katalogi, plakaty, wizyt\u00f3wki, broszury, banery oraz opakowania z nadrukiem. Co wi\u0119cej, korzystamy z najnowocze\u015bniejszych technologii i starannie dobieramy materia\u0142y, co gwarantuje wydruki o \u017cywych kolorach, precyzyjnym odwzorowaniu detali i niezr\u00f3wnanej trwa\u0142o\u015bci. Niezale\u017cnie od tego, czy potrzebujesz druku na ma\u0142\u0105 seri\u0119, czy na du\u017c\u0105 skal\u0119, zapewniamy szybkie terminy realizacji oraz konkurencyjne ceny, kt\u00f3re pozwalaj\u0105 naszym klientom efektywnie zarz\u0105dza\u0107 bud\u017cetem.<\/h5>\n<h5>Nasza drukarnia specjalizuje si\u0119 r\u00f3wnie\u017c w indywidualnym dostosowywaniu us\u0142ug do unikalnych potrzeb ka\u017cdego klienta. Dlatego oferujemy tak\u017ce wysokiej jako\u015bci us\u0142ugi dla bran\u017cy reklamowej, dostarczaj\u0105c szeroki wyb\u00f3r materia\u0142\u00f3w, kt\u00f3re skutecznie promuj\u0105 Twoj\u0105 mark\u0119. Wsp\u00f3\u0142pracujemy z firmami z r\u00f3\u017cnych sektor\u00f3w, zapewniaj\u0105c im kompleksow\u0105 obs\u0142ug\u0119 w zakresie druku i produkcji materia\u0142\u00f3w reklamowych, co przyczynia si\u0119 do budowania profesjonalnego wizerunku oraz zwi\u0119kszenia rozpoznawalno\u015bci marki.<\/h5>\n<h5>Zaufaj naszemu do\u015bwiadczeniu, postaw na jako\u015b\u0107 i innowacyjno\u015b\u0107! Nasze us\u0142ugi druku cyfrowego, offsetowego i wielkoformatowego to doskona\u0142y wyb\u00f3r dla firm, kt\u00f3re chc\u0105 wyr\u00f3\u017cni\u0107 swoj\u0105 mark\u0119 oraz dostarczy\u0107 klientom profesjonalne materia\u0142y promocyjne. Skontaktuj si\u0119 z nami i przekonaj si\u0119, jaka diferencia czeka Twoje projekty \u2013 tw\u00f3rz na nowo z nami materia\u0142y, kt\u00f3re zaurocz\u0105 odbiorc\u00f3w i podnios\u0105 presti\u017c Twojej marki!<\/h5>\n","protected":false},"excerpt":{"rendered":"<p>Jako nowoczesna drukarnia oferujemy kompleksowe us\u0142ugi druku cyfrowego, offsetowego oraz wielkoformatowego, kt\u00f3re \u0142\u0105cz\u0105 w sobie precyzj\u0119, szybko\u015b\u0107 realizacji i najwy\u017csz\u0105 jako\u015b\u0107 wykonania. Dzi\u0119ki naszemu zaawansowanemu parkowi maszynowemu oraz wykwalifikowanemu zespo\u0142owi specjalist\u00f3w jeste\u015bmy w stanie realizowa\u0107 nawet najbardziej z\u0142o\u017cone i wymagaj\u0105ce projekty, spe\u0142niaj\u0105c oczekiwania najbardziej wymagaj\u0105cych klient\u00f3w. Dbamy o ka\u017cdy detal, a nasze wydruki odznaczaj\u0105 si\u0119 [&hellip;]<\/p>\n","protected":false},"author":2,"featured_media":0,"parent":0,"menu_order":0,"comment_status":"closed","ping_status":"closed","template":"","meta":{"ngg_post_thumbnail":0,"footnotes":""},"class_list":["post-1769","page","type-page","status-publish","hentry"],"yoast_head":"<!-- This site is optimized with the Yoast SEO plugin v24.5 - https:\/\/yoast.com\/wordpress\/plugins\/seo\/ -->\n<title>Drukarnia - Ksm Studio<\/title>\n<meta name=\"description\" content=\"Profesjonalna drukarnia oferuje druk cyfrowy, offsetowy i wielkoformatowy. Gwarantujemy wysok\u0105 jako\u015b\u0107 \u2013 skontaktuj si\u0119 z nami!\" \/>\n<meta name=\"robots\" content=\"index, follow, max-snippet:-1, max-image-preview:large, max-video-preview:-1\" \/>\n<link rel=\"canonical\" href=\"https:\/\/ksmstudio.pl\/nowastr\/ksmstudio\/drukarnia\/\" \/>\n<meta property=\"og:locale\" content=\"pl_PL\" \/>\n<meta property=\"og:type\" content=\"article\" \/>\n<meta property=\"og:title\" content=\"Drukarnia - Ksm Studio\" \/>\n<meta property=\"og:description\" content=\"Profesjonalna drukarnia oferuje druk cyfrowy, offsetowy i wielkoformatowy. Gwarantujemy wysok\u0105 jako\u015b\u0107 \u2013 skontaktuj si\u0119 z nami!\" \/>\n<meta property=\"og:url\" content=\"https:\/\/ksmstudio.pl\/nowastr\/ksmstudio\/drukarnia\/\" \/>\n<meta property=\"og:site_name\" content=\"Ksm Studio\" \/>\n<meta property=\"article:publisher\" content=\"https:\/\/www.facebook.com\/KsmStudiopl\" \/>\n<meta property=\"article:modified_time\" content=\"2025-02-24T14:25:21+00:00\" \/>\n<meta name=\"twitter:card\" content=\"summary_large_image\" \/>\n<meta name=\"twitter:label1\" content=\"Szacowany czas czytania\" \/>\n\t<meta name=\"twitter:data1\" content=\"2 minuty\" \/>\n<script type=\"application\/ld+json\" class=\"yoast-schema-graph\">{\"@context\":\"https:\/\/schema.org\",\"@graph\":[{\"@type\":\"WebPage\",\"@id\":\"https:\/\/ksmstudio.pl\/nowastr\/ksmstudio\/drukarnia\/\",\"url\":\"https:\/\/ksmstudio.pl\/nowastr\/ksmstudio\/drukarnia\/\",\"name\":\"Drukarnia - Ksm Studio\",\"isPartOf\":{\"@id\":\"https:\/\/ksmstudio.pl\/nowastr\/ksmstudio\/#website\"},\"datePublished\":\"2025-02-24T14:04:07+00:00\",\"dateModified\":\"2025-02-24T14:25:21+00:00\",\"description\":\"Profesjonalna drukarnia oferuje druk cyfrowy, offsetowy i wielkoformatowy. Gwarantujemy wysok\u0105 jako\u015b\u0107 \u2013 skontaktuj si\u0119 z nami!\",\"breadcrumb\":{\"@id\":\"https:\/\/ksmstudio.pl\/nowastr\/ksmstudio\/drukarnia\/#breadcrumb\"},\"inLanguage\":\"pl-PL\",\"potentialAction\":[{\"@type\":\"ReadAction\",\"target\":[\"https:\/\/ksmstudio.pl\/nowastr\/ksmstudio\/drukarnia\/\"]}]},{\"@type\":\"BreadcrumbList\",\"@id\":\"https:\/\/ksmstudio.pl\/nowastr\/ksmstudio\/drukarnia\/#breadcrumb\",\"itemListElement\":[{\"@type\":\"ListItem\",\"position\":1,\"name\":\"Strona g\u0142\u00f3wna\",\"item\":\"https:\/\/ksmstudio.pl\/nowastr\/ksmstudio\/\"},{\"@type\":\"ListItem\",\"position\":2,\"name\":\"Drukarnia\"}]},{\"@type\":\"WebSite\",\"@id\":\"https:\/\/ksmstudio.pl\/nowastr\/ksmstudio\/#website\",\"url\":\"https:\/\/ksmstudio.pl\/nowastr\/ksmstudio\/\",\"name\":\"Ksm Studio\",\"description\":\"Drukarnia Reklama Opakowania\",\"publisher\":{\"@id\":\"https:\/\/ksmstudio.pl\/nowastr\/ksmstudio\/#organization\"},\"potentialAction\":[{\"@type\":\"SearchAction\",\"target\":{\"@type\":\"EntryPoint\",\"urlTemplate\":\"https:\/\/ksmstudio.pl\/nowastr\/ksmstudio\/?s={search_term_string}\"},\"query-input\":{\"@type\":\"PropertyValueSpecification\",\"valueRequired\":true,\"valueName\":\"search_term_string\"}}],\"inLanguage\":\"pl-PL\"},{\"@type\":\"Organization\",\"@id\":\"https:\/\/ksmstudio.pl\/nowastr\/ksmstudio\/#organization\",\"name\":\"Ksm Studio Klaudia Szyszko-Marceniuk\",\"url\":\"https:\/\/ksmstudio.pl\/nowastr\/ksmstudio\/\",\"logo\":{\"@type\":\"ImageObject\",\"inLanguage\":\"pl-PL\",\"@id\":\"https:\/\/ksmstudio.pl\/nowastr\/ksmstudio\/#\/schema\/logo\/image\/\",\"url\":\"https:\/\/ksmstudio.pl\/nowastr\/ksmstudio\/wp-content\/uploads\/2017\/09\/oocjiljjlgjkilam.png\",\"contentUrl\":\"https:\/\/ksmstudio.pl\/nowastr\/ksmstudio\/wp-content\/uploads\/2017\/09\/oocjiljjlgjkilam.png\",\"width\":200,\"height\":200,\"caption\":\"Ksm Studio Klaudia Szyszko-Marceniuk\"},\"image\":{\"@id\":\"https:\/\/ksmstudio.pl\/nowastr\/ksmstudio\/#\/schema\/logo\/image\/\"},\"sameAs\":[\"https:\/\/www.facebook.com\/KsmStudiopl\",\"https:\/\/www.instagram.com\/ksmstudiolegnica\/\"]}]}<\/script>\n<!-- \/ Yoast SEO plugin. -->","yoast_head_json":{"title":"Drukarnia - Ksm Studio","description":"Profesjonalna drukarnia oferuje druk cyfrowy, offsetowy i wielkoformatowy. Gwarantujemy wysok\u0105 jako\u015b\u0107 \u2013 skontaktuj si\u0119 z nami!","robots":{"index":"index","follow":"follow","max-snippet":"max-snippet:-1","max-image-preview":"max-image-preview:large","max-video-preview":"max-video-preview:-1"},"canonical":"https:\/\/ksmstudio.pl\/nowastr\/ksmstudio\/drukarnia\/","og_locale":"pl_PL","og_type":"article","og_title":"Drukarnia - Ksm Studio","og_description":"Profesjonalna drukarnia oferuje druk cyfrowy, offsetowy i wielkoformatowy. Gwarantujemy wysok\u0105 jako\u015b\u0107 \u2013 skontaktuj si\u0119 z nami!","og_url":"https:\/\/ksmstudio.pl\/nowastr\/ksmstudio\/drukarnia\/","og_site_name":"Ksm Studio","article_publisher":"https:\/\/www.facebook.com\/KsmStudiopl","article_modified_time":"2025-02-24T14:25:21+00:00","twitter_card":"summary_large_image","twitter_misc":{"Szacowany czas czytania":"2 minuty"},"schema":{"@context":"https:\/\/schema.org","@graph":[{"@type":"WebPage","@id":"https:\/\/ksmstudio.pl\/nowastr\/ksmstudio\/drukarnia\/","url":"https:\/\/ksmstudio.pl\/nowastr\/ksmstudio\/drukarnia\/","name":"Drukarnia - Ksm Studio","isPartOf":{"@id":"https:\/\/ksmstudio.pl\/nowastr\/ksmstudio\/#website"},"datePublished":"2025-02-24T14:04:07+00:00","dateModified":"2025-02-24T14:25:21+00:00","description":"Profesjonalna drukarnia oferuje druk cyfrowy, offsetowy i wielkoformatowy. Gwarantujemy wysok\u0105 jako\u015b\u0107 \u2013 skontaktuj si\u0119 z nami!","breadcrumb":{"@id":"https:\/\/ksmstudio.pl\/nowastr\/ksmstudio\/drukarnia\/#breadcrumb"},"inLanguage":"pl-PL","potentialAction":[{"@type":"ReadAction","target":["https:\/\/ksmstudio.pl\/nowastr\/ksmstudio\/drukarnia\/"]}]},{"@type":"BreadcrumbList","@id":"https:\/\/ksmstudio.pl\/nowastr\/ksmstudio\/drukarnia\/#breadcrumb","itemListElement":[{"@type":"ListItem","position":1,"name":"Strona g\u0142\u00f3wna","item":"https:\/\/ksmstudio.pl\/nowastr\/ksmstudio\/"},{"@type":"ListItem","position":2,"name":"Drukarnia"}]},{"@type":"WebSite","@id":"https:\/\/ksmstudio.pl\/nowastr\/ksmstudio\/#website","url":"https:\/\/ksmstudio.pl\/nowastr\/ksmstudio\/","name":"Ksm Studio","description":"Drukarnia Reklama Opakowania","publisher":{"@id":"https:\/\/ksmstudio.pl\/nowastr\/ksmstudio\/#organization"},"potentialAction":[{"@type":"SearchAction","target":{"@type":"EntryPoint","urlTemplate":"https:\/\/ksmstudio.pl\/nowastr\/ksmstudio\/?s={search_term_string}"},"query-input":{"@type":"PropertyValueSpecification","valueRequired":true,"valueName":"search_term_string"}}],"inLanguage":"pl-PL"},{"@type":"Organization","@id":"https:\/\/ksmstudio.pl\/nowastr\/ksmstudio\/#organization","name":"Ksm Studio Klaudia Szyszko-Marceniuk","url":"https:\/\/ksmstudio.pl\/nowastr\/ksmstudio\/","logo":{"@type":"ImageObject","inLanguage":"pl-PL","@id":"https:\/\/ksmstudio.pl\/nowastr\/ksmstudio\/#\/schema\/logo\/image\/","url":"https:\/\/ksmstudio.pl\/nowastr\/ksmstudio\/wp-content\/uploads\/2017\/09\/oocjiljjlgjkilam.png","contentUrl":"https:\/\/ksmstudio.pl\/nowastr\/ksmstudio\/wp-content\/uploads\/2017\/09\/oocjiljjlgjkilam.png","width":200,"height":200,"caption":"Ksm Studio Klaudia Szyszko-Marceniuk"},"image":{"@id":"https:\/\/ksmstudio.pl\/nowastr\/ksmstudio\/#\/schema\/logo\/image\/"},"sameAs":["https:\/\/www.facebook.com\/KsmStudiopl","https:\/\/www.instagram.com\/ksmstudiolegnica\/"]}]}},"_links":{"self":[{"href":"https:\/\/ksmstudio.pl\/nowastr\/ksmstudio\/wp-json\/wp\/v2\/pages\/1769","targetHints":{"allow":["GET"]}}],"collection":[{"href":"https:\/\/ksmstudio.pl\/nowastr\/ksmstudio\/wp-json\/wp\/v2\/pages"}],"about":[{"href":"https:\/\/ksmstudio.pl\/nowastr\/ksmstudio\/wp-json\/wp\/v2\/types\/page"}],"author":[{"embeddable":true,"href":"https:\/\/ksmstudio.pl\/nowastr\/ksmstudio\/wp-json\/wp\/v2\/users\/2"}],"replies":[{"embeddable":true,"href":"https:\/\/ksmstudio.pl\/nowastr\/ksmstudio\/wp-json\/wp\/v2\/comments?post=1769"}],"version-history":[{"count":5,"href":"https:\/\/ksmstudio.pl\/nowastr\/ksmstudio\/wp-json\/wp\/v2\/pages\/1769\/revisions"}],"predecessor-version":[{"id":1778,"href":"https:\/\/ksmstudio.pl\/nowastr\/ksmstudio\/wp-json\/wp\/v2\/pages\/1769\/revisions\/1778"}],"wp:attachment":[{"href":"https:\/\/ksmstudio.pl\/nowastr\/ksmstudio\/wp-json\/wp\/v2\/media?parent=1769"}],"curies":[{"name":"wp","href":"https:\/\/api.w.org\/{rel}","templated":true}]}}