{"id":1395,"date":"2019-10-02T09:16:01","date_gmt":"2019-10-02T07:16:01","guid":{"rendered":"http:\/\/ksmstudio.pl\/nowastr\/ksmstudio\/?page_id=1395"},"modified":"2025-03-13T07:25:44","modified_gmt":"2025-03-13T06:25:44","slug":"folia-babelkowa-050-m100-mb-legnica","status":"publish","type":"page","link":"https:\/\/ksmstudio.pl\/nowastr\/ksmstudio\/folia-babelkowa-050-m100-mb-legnica\/","title":{"rendered":"Folia stretch"},"content":{"rendered":"<h5 data-start=\"0\" data-end=\"79\"><span style=\"font-size: 16px;\"><strong data-start=\"4\" data-end=\"77\">Folia stretch \u2013 niezawodne zabezpieczenie Twoich przesy\u0142ek i \u0142adunk\u00f3w<\/strong><\/span><\/h5>\n<h5 data-start=\"81\" data-end=\"160\"><span style=\"font-size: 16px;\"><strong data-start=\"86\" data-end=\"158\">Wysokiej jako\u015bci folia stretch do pakowania i zabezpieczania towar\u00f3w<\/strong><\/span><\/h5>\n<h5 data-start=\"161\" data-end=\"570\"><span style=\"font-size: 16px;\">Oferujemy <strong data-start=\"171\" data-end=\"188\">foli\u0119 stretch<\/strong> o wysokiej elastyczno\u015bci i wytrzyma\u0142o\u015bci, idealn\u0105 do zabezpieczania przesy\u0142ek, palet i r\u00f3\u017cnych \u0142adunk\u00f3w. Nasza <strong data-start=\"300\" data-end=\"324\">folia stretch r\u0119czna<\/strong> doskonale przylega do pakowanych przedmiot\u00f3w, chroni\u0105c je przed wilgoci\u0105, kurzem i uszkodzeniami mechanicznymi. Dzi\u0119ki du\u017cej rozci\u0105gliwo\u015bci pozwala na <strong data-start=\"476\" data-end=\"504\">stabilne owijanie towaru<\/strong>, co zwi\u0119ksza jego bezpiecze\u0144stwo w transporcie i magazynowaniu.<\/span><\/h5>\n<hr data-start=\"572\" data-end=\"575\" \/>\n<h5 data-start=\"577\" data-end=\"626\"><span style=\"font-size: 16px;\"><strong data-start=\"581\" data-end=\"624\">Dost\u0119pne wymiary i kolory folii stretch<\/strong><\/span><\/h5>\n<h5 data-start=\"627\" data-end=\"713\"><span style=\"font-size: 16px;\">W naszym asortymencie znajdziesz <strong data-start=\"660\" data-end=\"710\">foli\u0119 stretch w dw\u00f3ch standardowych wariantach<\/strong>:<\/span><\/h5>\n<h5 data-start=\"715\" data-end=\"924\"><span style=\"font-size: 16px;\">&#x2714; <strong data-start=\"717\" data-end=\"768\">Folia stretch 0,50 cm szeroko\u015bci, 1,5 kg brutto<\/strong> \u2013 dost\u0119pna w kolorze <strong data-start=\"790\" data-end=\"818\">czarnym i transparentnym<\/strong><\/span><br data-start=\"818\" data-end=\"821\" \/><span style=\"font-size: 16px;\">&#x2714; <strong data-start=\"823\" data-end=\"872\">Folia stretch 0,50 cm szeroko\u015bci, 3 kg brutto<\/strong> \u2013 dost\u0119pna w kolorze <strong data-start=\"894\" data-end=\"922\">czarnym i transparentnym<\/strong><\/span><\/h5>\n<h5 data-start=\"926\" data-end=\"1056\"><span style=\"font-size: 16px;\">Oferujemy r\u00f3wnie\u017c <strong data-start=\"944\" data-end=\"1005\">folie stretch w innych wymiarach i kolorach na zam\u00f3wienie<\/strong>, dostosowane do indywidualnych potrzeb klient\u00f3w.<\/span><\/h5>\n<hr data-start=\"1058\" data-end=\"1061\" \/>\n<h5 data-start=\"1063\" data-end=\"1100\"><span style=\"font-size: 16px;\"><strong data-start=\"1067\" data-end=\"1098\">Zalety naszej folii stretch<\/strong><\/span><\/h5>\n<h5 data-start=\"1102\" data-end=\"1629\"><span style=\"font-size: 16px;\">&#x2705; <strong data-start=\"1104\" data-end=\"1127\">Wysoka wytrzyma\u0142o\u015b\u0107<\/strong> \u2013 odporno\u015b\u0107 na rozdarcia i uszkodzenia<\/span><br data-start=\"1166\" data-end=\"1169\" \/><span style=\"font-size: 16px;\">&#x2705; <strong data-start=\"1171\" data-end=\"1198\">Doskona\u0142a rozci\u0105gliwo\u015b\u0107<\/strong> \u2013 optymalne dopasowanie do kszta\u0142tu pakowanego towaru<\/span><br data-start=\"1252\" data-end=\"1255\" \/><span style=\"font-size: 16px;\">&#x2705; <strong data-start=\"1257\" data-end=\"1299\">Ochrona przed wilgoci\u0105 i zabrudzeniami<\/strong> \u2013 idealna do magazynowania i transportu<\/span><br data-start=\"1339\" data-end=\"1342\" \/><span style=\"font-size: 16px;\">&#x2705; <strong data-start=\"1344\" data-end=\"1375\">Dost\u0119pno\u015b\u0107 w dw\u00f3ch kolorach<\/strong> \u2013 folia <strong data-start=\"1384\" data-end=\"1401\">transparentna<\/strong> umo\u017cliwia \u0142atw\u0105 identyfikacj\u0119 towaru, a <strong data-start=\"1442\" data-end=\"1466\">czarna folia stretch<\/strong> zapewnia dyskrecj\u0119 i dodatkowe zabezpieczenie<\/span><br data-start=\"1512\" data-end=\"1515\" \/><span style=\"font-size: 16px;\">&#x2705; <strong data-start=\"1517\" data-end=\"1545\">Uniwersalne zastosowanie<\/strong> \u2013 idealna do zabezpieczania <strong data-start=\"1574\" data-end=\"1627\">palet, karton\u00f3w, paczek i nieregularnych \u0142adunk\u00f3w<\/strong><\/span><\/h5>\n<hr data-start=\"1631\" data-end=\"1634\" \/>\n<h5 data-start=\"1636\" data-end=\"1694\"><span style=\"font-size: 16px;\"><strong data-start=\"1640\" data-end=\"1692\">Folia stretch \u2013 skuteczno\u015b\u0107 i wygoda w pakowaniu<\/strong><\/span><\/h5>\n<h5 data-start=\"1695\" data-end=\"1906\"><span style=\"font-size: 16px;\">Nasza <strong data-start=\"1701\" data-end=\"1731\">folia stretch do pakowania<\/strong> to niezawodne rozwi\u0105zanie dla firm logistycznych, magazynowych, e-commerce oraz wszystkich, kt\u00f3rzy poszukuj\u0105 <strong data-start=\"1841\" data-end=\"1903\">efektywnego i ekonomicznego sposobu zabezpieczania towar\u00f3w<\/strong>.<\/span><\/h5>\n","protected":false},"excerpt":{"rendered":"<p>Folia stretch \u2013 niezawodne zabezpieczenie Twoich przesy\u0142ek i \u0142adunk\u00f3w Wysokiej jako\u015bci folia stretch do pakowania i zabezpieczania towar\u00f3w Oferujemy foli\u0119 stretch o wysokiej elastyczno\u015bci i wytrzyma\u0142o\u015bci, idealn\u0105 do zabezpieczania przesy\u0142ek, palet i r\u00f3\u017cnych \u0142adunk\u00f3w. Nasza folia stretch r\u0119czna doskonale przylega do pakowanych przedmiot\u00f3w, chroni\u0105c je przed wilgoci\u0105, kurzem i uszkodzeniami mechanicznymi. Dzi\u0119ki du\u017cej rozci\u0105gliwo\u015bci pozwala [&hellip;]<\/p>\n","protected":false},"author":2,"featured_media":0,"parent":0,"menu_order":0,"comment_status":"closed","ping_status":"closed","template":"","meta":{"ngg_post_thumbnail":0,"footnotes":""},"class_list":["post-1395","page","type-page","status-publish","hentry"],"yoast_head":"<!-- This site is optimized with the Yoast SEO plugin v24.5 - https:\/\/yoast.com\/wordpress\/plugins\/seo\/ -->\n<title>Folia stretch - Ksm Studio<\/title>\n<meta name=\"robots\" content=\"index, follow, max-snippet:-1, max-image-preview:large, max-video-preview:-1\" \/>\n<link rel=\"canonical\" href=\"https:\/\/ksmstudio.pl\/nowastr\/ksmstudio\/folia-babelkowa-050-m100-mb-legnica\/\" \/>\n<meta property=\"og:locale\" content=\"pl_PL\" \/>\n<meta property=\"og:type\" content=\"article\" \/>\n<meta property=\"og:title\" content=\"Folia stretch - Ksm Studio\" \/>\n<meta property=\"og:description\" content=\"Folia stretch \u2013 niezawodne zabezpieczenie Twoich przesy\u0142ek i \u0142adunk\u00f3w Wysokiej jako\u015bci folia stretch do pakowania i zabezpieczania towar\u00f3w Oferujemy foli\u0119 stretch o wysokiej elastyczno\u015bci i wytrzyma\u0142o\u015bci, idealn\u0105 do zabezpieczania przesy\u0142ek, palet i r\u00f3\u017cnych \u0142adunk\u00f3w. Nasza folia stretch r\u0119czna doskonale przylega do pakowanych przedmiot\u00f3w, chroni\u0105c je przed wilgoci\u0105, kurzem i uszkodzeniami mechanicznymi. Dzi\u0119ki du\u017cej rozci\u0105gliwo\u015bci pozwala [&hellip;]\" \/>\n<meta property=\"og:url\" content=\"https:\/\/ksmstudio.pl\/nowastr\/ksmstudio\/folia-babelkowa-050-m100-mb-legnica\/\" \/>\n<meta property=\"og:site_name\" content=\"Ksm Studio\" \/>\n<meta property=\"article:publisher\" content=\"https:\/\/www.facebook.com\/KsmStudiopl\" \/>\n<meta property=\"article:modified_time\" content=\"2025-03-13T06:25:44+00:00\" \/>\n<meta name=\"twitter:card\" content=\"summary_large_image\" \/>\n<meta name=\"twitter:label1\" content=\"Szacowany czas czytania\" \/>\n\t<meta name=\"twitter:data1\" content=\"2 minuty\" \/>\n<script type=\"application\/ld+json\" class=\"yoast-schema-graph\">{\"@context\":\"https:\/\/schema.org\",\"@graph\":[{\"@type\":\"WebPage\",\"@id\":\"https:\/\/ksmstudio.pl\/nowastr\/ksmstudio\/folia-babelkowa-050-m100-mb-legnica\/\",\"url\":\"https:\/\/ksmstudio.pl\/nowastr\/ksmstudio\/folia-babelkowa-050-m100-mb-legnica\/\",\"name\":\"Folia stretch - Ksm Studio\",\"isPartOf\":{\"@id\":\"https:\/\/ksmstudio.pl\/nowastr\/ksmstudio\/#website\"},\"datePublished\":\"2019-10-02T07:16:01+00:00\",\"dateModified\":\"2025-03-13T06:25:44+00:00\",\"breadcrumb\":{\"@id\":\"https:\/\/ksmstudio.pl\/nowastr\/ksmstudio\/folia-babelkowa-050-m100-mb-legnica\/#breadcrumb\"},\"inLanguage\":\"pl-PL\",\"potentialAction\":[{\"@type\":\"ReadAction\",\"target\":[\"https:\/\/ksmstudio.pl\/nowastr\/ksmstudio\/folia-babelkowa-050-m100-mb-legnica\/\"]}]},{\"@type\":\"BreadcrumbList\",\"@id\":\"https:\/\/ksmstudio.pl\/nowastr\/ksmstudio\/folia-babelkowa-050-m100-mb-legnica\/#breadcrumb\",\"itemListElement\":[{\"@type\":\"ListItem\",\"position\":1,\"name\":\"Strona g\u0142\u00f3wna\",\"item\":\"https:\/\/ksmstudio.pl\/nowastr\/ksmstudio\/\"},{\"@type\":\"ListItem\",\"position\":2,\"name\":\"Folia stretch\"}]},{\"@type\":\"WebSite\",\"@id\":\"https:\/\/ksmstudio.pl\/nowastr\/ksmstudio\/#website\",\"url\":\"https:\/\/ksmstudio.pl\/nowastr\/ksmstudio\/\",\"name\":\"Ksm Studio\",\"description\":\"Drukarnia Reklama Opakowania\",\"publisher\":{\"@id\":\"https:\/\/ksmstudio.pl\/nowastr\/ksmstudio\/#organization\"},\"potentialAction\":[{\"@type\":\"SearchAction\",\"target\":{\"@type\":\"EntryPoint\",\"urlTemplate\":\"https:\/\/ksmstudio.pl\/nowastr\/ksmstudio\/?s={search_term_string}\"},\"query-input\":{\"@type\":\"PropertyValueSpecification\",\"valueRequired\":true,\"valueName\":\"search_term_string\"}}],\"inLanguage\":\"pl-PL\"},{\"@type\":\"Organization\",\"@id\":\"https:\/\/ksmstudio.pl\/nowastr\/ksmstudio\/#organization\",\"name\":\"Ksm Studio Klaudia Szyszko-Marceniuk\",\"url\":\"https:\/\/ksmstudio.pl\/nowastr\/ksmstudio\/\",\"logo\":{\"@type\":\"ImageObject\",\"inLanguage\":\"pl-PL\",\"@id\":\"https:\/\/ksmstudio.pl\/nowastr\/ksmstudio\/#\/schema\/logo\/image\/\",\"url\":\"https:\/\/ksmstudio.pl\/nowastr\/ksmstudio\/wp-content\/uploads\/2017\/09\/oocjiljjlgjkilam.png\",\"contentUrl\":\"https:\/\/ksmstudio.pl\/nowastr\/ksmstudio\/wp-content\/uploads\/2017\/09\/oocjiljjlgjkilam.png\",\"width\":200,\"height\":200,\"caption\":\"Ksm Studio Klaudia Szyszko-Marceniuk\"},\"image\":{\"@id\":\"https:\/\/ksmstudio.pl\/nowastr\/ksmstudio\/#\/schema\/logo\/image\/\"},\"sameAs\":[\"https:\/\/www.facebook.com\/KsmStudiopl\",\"https:\/\/www.instagram.com\/ksmstudiolegnica\/\"]}]}<\/script>\n<!-- \/ Yoast SEO plugin. -->","yoast_head_json":{"title":"Folia stretch - Ksm Studio","robots":{"index":"index","follow":"follow","max-snippet":"max-snippet:-1","max-image-preview":"max-image-preview:large","max-video-preview":"max-video-preview:-1"},"canonical":"https:\/\/ksmstudio.pl\/nowastr\/ksmstudio\/folia-babelkowa-050-m100-mb-legnica\/","og_locale":"pl_PL","og_type":"article","og_title":"Folia stretch - Ksm Studio","og_description":"Folia stretch \u2013 niezawodne zabezpieczenie Twoich przesy\u0142ek i \u0142adunk\u00f3w Wysokiej jako\u015bci folia stretch do pakowania i zabezpieczania towar\u00f3w Oferujemy foli\u0119 stretch o wysokiej elastyczno\u015bci i wytrzyma\u0142o\u015bci, idealn\u0105 do zabezpieczania przesy\u0142ek, palet i r\u00f3\u017cnych \u0142adunk\u00f3w. Nasza folia stretch r\u0119czna doskonale przylega do pakowanych przedmiot\u00f3w, chroni\u0105c je przed wilgoci\u0105, kurzem i uszkodzeniami mechanicznymi. Dzi\u0119ki du\u017cej rozci\u0105gliwo\u015bci pozwala [&hellip;]","og_url":"https:\/\/ksmstudio.pl\/nowastr\/ksmstudio\/folia-babelkowa-050-m100-mb-legnica\/","og_site_name":"Ksm Studio","article_publisher":"https:\/\/www.facebook.com\/KsmStudiopl","article_modified_time":"2025-03-13T06:25:44+00:00","twitter_card":"summary_large_image","twitter_misc":{"Szacowany czas czytania":"2 minuty"},"schema":{"@context":"https:\/\/schema.org","@graph":[{"@type":"WebPage","@id":"https:\/\/ksmstudio.pl\/nowastr\/ksmstudio\/folia-babelkowa-050-m100-mb-legnica\/","url":"https:\/\/ksmstudio.pl\/nowastr\/ksmstudio\/folia-babelkowa-050-m100-mb-legnica\/","name":"Folia stretch - Ksm Studio","isPartOf":{"@id":"https:\/\/ksmstudio.pl\/nowastr\/ksmstudio\/#website"},"datePublished":"2019-10-02T07:16:01+00:00","dateModified":"2025-03-13T06:25:44+00:00","breadcrumb":{"@id":"https:\/\/ksmstudio.pl\/nowastr\/ksmstudio\/folia-babelkowa-050-m100-mb-legnica\/#breadcrumb"},"inLanguage":"pl-PL","potentialAction":[{"@type":"ReadAction","target":["https:\/\/ksmstudio.pl\/nowastr\/ksmstudio\/folia-babelkowa-050-m100-mb-legnica\/"]}]},{"@type":"BreadcrumbList","@id":"https:\/\/ksmstudio.pl\/nowastr\/ksmstudio\/folia-babelkowa-050-m100-mb-legnica\/#breadcrumb","itemListElement":[{"@type":"ListItem","position":1,"name":"Strona g\u0142\u00f3wna","item":"https:\/\/ksmstudio.pl\/nowastr\/ksmstudio\/"},{"@type":"ListItem","position":2,"name":"Folia stretch"}]},{"@type":"WebSite","@id":"https:\/\/ksmstudio.pl\/nowastr\/ksmstudio\/#website","url":"https:\/\/ksmstudio.pl\/nowastr\/ksmstudio\/","name":"Ksm Studio","description":"Drukarnia Reklama Opakowania","publisher":{"@id":"https:\/\/ksmstudio.pl\/nowastr\/ksmstudio\/#organization"},"potentialAction":[{"@type":"SearchAction","target":{"@type":"EntryPoint","urlTemplate":"https:\/\/ksmstudio.pl\/nowastr\/ksmstudio\/?s={search_term_string}"},"query-input":{"@type":"PropertyValueSpecification","valueRequired":true,"valueName":"search_term_string"}}],"inLanguage":"pl-PL"},{"@type":"Organization","@id":"https:\/\/ksmstudio.pl\/nowastr\/ksmstudio\/#organization","name":"Ksm Studio Klaudia Szyszko-Marceniuk","url":"https:\/\/ksmstudio.pl\/nowastr\/ksmstudio\/","logo":{"@type":"ImageObject","inLanguage":"pl-PL","@id":"https:\/\/ksmstudio.pl\/nowastr\/ksmstudio\/#\/schema\/logo\/image\/","url":"https:\/\/ksmstudio.pl\/nowastr\/ksmstudio\/wp-content\/uploads\/2017\/09\/oocjiljjlgjkilam.png","contentUrl":"https:\/\/ksmstudio.pl\/nowastr\/ksmstudio\/wp-content\/uploads\/2017\/09\/oocjiljjlgjkilam.png","width":200,"height":200,"caption":"Ksm Studio Klaudia Szyszko-Marceniuk"},"image":{"@id":"https:\/\/ksmstudio.pl\/nowastr\/ksmstudio\/#\/schema\/logo\/image\/"},"sameAs":["https:\/\/www.facebook.com\/KsmStudiopl","https:\/\/www.instagram.com\/ksmstudiolegnica\/"]}]}},"_links":{"self":[{"href":"https:\/\/ksmstudio.pl\/nowastr\/ksmstudio\/wp-json\/wp\/v2\/pages\/1395","targetHints":{"allow":["GET"]}}],"collection":[{"href":"https:\/\/ksmstudio.pl\/nowastr\/ksmstudio\/wp-json\/wp\/v2\/pages"}],"about":[{"href":"https:\/\/ksmstudio.pl\/nowastr\/ksmstudio\/wp-json\/wp\/v2\/types\/page"}],"author":[{"embeddable":true,"href":"https:\/\/ksmstudio.pl\/nowastr\/ksmstudio\/wp-json\/wp\/v2\/users\/2"}],"replies":[{"embeddable":true,"href":"https:\/\/ksmstudio.pl\/nowastr\/ksmstudio\/wp-json\/wp\/v2\/comments?post=1395"}],"version-history":[{"count":7,"href":"https:\/\/ksmstudio.pl\/nowastr\/ksmstudio\/wp-json\/wp\/v2\/pages\/1395\/revisions"}],"predecessor-version":[{"id":1832,"href":"https:\/\/ksmstudio.pl\/nowastr\/ksmstudio\/wp-json\/wp\/v2\/pages\/1395\/revisions\/1832"}],"wp:attachment":[{"href":"https:\/\/ksmstudio.pl\/nowastr\/ksmstudio\/wp-json\/wp\/v2\/media?parent=1395"}],"curies":[{"name":"wp","href":"https:\/\/api.w.org\/{rel}","templated":true}]}}