{"id":1317,"date":"2018-10-25T11:57:07","date_gmt":"2018-10-25T09:57:07","guid":{"rendered":"http:\/\/ksmstudio.pl\/nowastr\/ksmstudio\/?page_id=1317"},"modified":"2025-03-13T06:55:53","modified_gmt":"2025-03-13T05:55:53","slug":"1317-2","status":"publish","type":"page","link":"https:\/\/ksmstudio.pl\/nowastr\/ksmstudio\/1317-2\/","title":{"rendered":"Pude\u0142ka z nadrukiem"},"content":{"rendered":"<h5 data-start=\"63\" data-end=\"439\"><span style=\"font-size: 16px;\">Wykonujemy <strong data-start=\"74\" data-end=\"95\">pude\u0142ka kartonowe<\/strong> z <strong data-start=\"98\" data-end=\"111\">nadrukiem<\/strong> lub bez, wyr\u00f3\u017cniaj\u0105ce si\u0119 <strong data-start=\"138\" data-end=\"162\">niebanalnym designem<\/strong> i <strong data-start=\"165\" data-end=\"194\">wysok\u0105 estetyk\u0105 wykonania<\/strong>. Co najwa\u017cniejsze, do stworzenia <strong data-start=\"228\" data-end=\"254\">ekskluzywnych opakowa\u0144<\/strong> nie jest wymagany <strong data-start=\"273\" data-end=\"296\">kosztowny wykrojnik<\/strong>. Tworzymy <strong data-start=\"307\" data-end=\"352\">opakowania dopasowane do ka\u017cdego produktu<\/strong>, wykorzystuj\u0105c r\u00f3\u017cne <strong data-start=\"374\" data-end=\"393\">okleiny premium<\/strong>, idealne do <strong data-start=\"406\" data-end=\"436\">z\u0142oce\u0144, srebrze\u0144 i t\u0142ocze\u0144<\/strong>.<\/span><\/h5>\n<h5 data-start=\"441\" data-end=\"944\"><span style=\"font-size: 16px;\">Jeste\u015bmy w stanie wyprodukowa\u0107 <strong data-start=\"472\" data-end=\"501\">wszystkie rodzaje pude\u0142ek<\/strong>, zar\u00f3wno <strong data-start=\"511\" data-end=\"531\">ma\u0142e, jak i du\u017ce<\/strong>, w <strong data-start=\"535\" data-end=\"569\">r\u00f3\u017cnych rozmiarach i nak\u0142adach<\/strong>. <strong data-start=\"571\" data-end=\"594\">Pude\u0142ka z nadrukiem<\/strong> stanowi\u0105 doskona\u0142\u0105 powierzchni\u0119 reklamow\u0105, kt\u00f3ra pozwala na <strong data-start=\"655\" data-end=\"683\">skuteczn\u0105 promocj\u0119 marki<\/strong>, budowanie <strong data-start=\"695\" data-end=\"730\">profesjonalnego wizerunku firmy<\/strong> i wyr\u00f3\u017cnienie jej produkt\u00f3w. <strong data-start=\"760\" data-end=\"781\">Kartony reklamowe<\/strong> i <strong data-start=\"784\" data-end=\"810\">opakowania z nadrukiem<\/strong> to subtelny, ale skuteczny spos\u00f3b komunikacji marketingowej, kt\u00f3ry przekazuje <strong data-start=\"889\" data-end=\"919\">warto\u015bci i koncepcj\u0119 marki<\/strong> bez nachalnej reklamy.<\/span><\/h5>\n<h5>\u00a0<\/h5>\n","protected":false},"excerpt":{"rendered":"<p>Wykonujemy pude\u0142ka kartonowe z nadrukiem lub bez, wyr\u00f3\u017cniaj\u0105ce si\u0119 niebanalnym designem i wysok\u0105 estetyk\u0105 wykonania. Co najwa\u017cniejsze, do stworzenia ekskluzywnych opakowa\u0144 nie jest wymagany kosztowny wykrojnik. Tworzymy opakowania dopasowane do ka\u017cdego produktu, wykorzystuj\u0105c r\u00f3\u017cne okleiny premium, idealne do z\u0142oce\u0144, srebrze\u0144 i t\u0142ocze\u0144. Jeste\u015bmy w stanie wyprodukowa\u0107 wszystkie rodzaje pude\u0142ek, zar\u00f3wno ma\u0142e, jak i du\u017ce, w [&hellip;]<\/p>\n","protected":false},"author":2,"featured_media":0,"parent":0,"menu_order":0,"comment_status":"closed","ping_status":"closed","template":"","meta":{"ngg_post_thumbnail":0,"footnotes":""},"class_list":["post-1317","page","type-page","status-publish","hentry"],"yoast_head":"<!-- This site is optimized with the Yoast SEO plugin v24.5 - https:\/\/yoast.com\/wordpress\/plugins\/seo\/ -->\n<title>Pude\u0142ka z nadrukiem - Ksm Studio<\/title>\n<meta name=\"robots\" content=\"index, follow, max-snippet:-1, max-image-preview:large, max-video-preview:-1\" \/>\n<link rel=\"canonical\" href=\"https:\/\/ksmstudio.pl\/nowastr\/ksmstudio\/1317-2\/\" \/>\n<meta property=\"og:locale\" content=\"pl_PL\" \/>\n<meta property=\"og:type\" content=\"article\" \/>\n<meta property=\"og:title\" content=\"Pude\u0142ka z nadrukiem - Ksm Studio\" \/>\n<meta property=\"og:description\" content=\"Wykonujemy pude\u0142ka kartonowe z nadrukiem lub bez, wyr\u00f3\u017cniaj\u0105ce si\u0119 niebanalnym designem i wysok\u0105 estetyk\u0105 wykonania. Co najwa\u017cniejsze, do stworzenia ekskluzywnych opakowa\u0144 nie jest wymagany kosztowny wykrojnik. Tworzymy opakowania dopasowane do ka\u017cdego produktu, wykorzystuj\u0105c r\u00f3\u017cne okleiny premium, idealne do z\u0142oce\u0144, srebrze\u0144 i t\u0142ocze\u0144. Jeste\u015bmy w stanie wyprodukowa\u0107 wszystkie rodzaje pude\u0142ek, zar\u00f3wno ma\u0142e, jak i du\u017ce, w [&hellip;]\" \/>\n<meta property=\"og:url\" content=\"https:\/\/ksmstudio.pl\/nowastr\/ksmstudio\/1317-2\/\" \/>\n<meta property=\"og:site_name\" content=\"Ksm Studio\" \/>\n<meta property=\"article:publisher\" content=\"https:\/\/www.facebook.com\/KsmStudiopl\" \/>\n<meta property=\"article:modified_time\" content=\"2025-03-13T05:55:53+00:00\" \/>\n<meta name=\"twitter:card\" content=\"summary_large_image\" \/>\n<meta name=\"twitter:label1\" content=\"Szacowany czas czytania\" \/>\n\t<meta name=\"twitter:data1\" content=\"1 minuta\" \/>\n<script type=\"application\/ld+json\" class=\"yoast-schema-graph\">{\"@context\":\"https:\/\/schema.org\",\"@graph\":[{\"@type\":\"WebPage\",\"@id\":\"https:\/\/ksmstudio.pl\/nowastr\/ksmstudio\/1317-2\/\",\"url\":\"https:\/\/ksmstudio.pl\/nowastr\/ksmstudio\/1317-2\/\",\"name\":\"Pude\u0142ka z nadrukiem - Ksm Studio\",\"isPartOf\":{\"@id\":\"https:\/\/ksmstudio.pl\/nowastr\/ksmstudio\/#website\"},\"datePublished\":\"2018-10-25T09:57:07+00:00\",\"dateModified\":\"2025-03-13T05:55:53+00:00\",\"breadcrumb\":{\"@id\":\"https:\/\/ksmstudio.pl\/nowastr\/ksmstudio\/1317-2\/#breadcrumb\"},\"inLanguage\":\"pl-PL\",\"potentialAction\":[{\"@type\":\"ReadAction\",\"target\":[\"https:\/\/ksmstudio.pl\/nowastr\/ksmstudio\/1317-2\/\"]}]},{\"@type\":\"BreadcrumbList\",\"@id\":\"https:\/\/ksmstudio.pl\/nowastr\/ksmstudio\/1317-2\/#breadcrumb\",\"itemListElement\":[{\"@type\":\"ListItem\",\"position\":1,\"name\":\"Strona g\u0142\u00f3wna\",\"item\":\"https:\/\/ksmstudio.pl\/nowastr\/ksmstudio\/\"},{\"@type\":\"ListItem\",\"position\":2,\"name\":\"Pude\u0142ka z nadrukiem\"}]},{\"@type\":\"WebSite\",\"@id\":\"https:\/\/ksmstudio.pl\/nowastr\/ksmstudio\/#website\",\"url\":\"https:\/\/ksmstudio.pl\/nowastr\/ksmstudio\/\",\"name\":\"Ksm Studio\",\"description\":\"Drukarnia Reklama Opakowania\",\"publisher\":{\"@id\":\"https:\/\/ksmstudio.pl\/nowastr\/ksmstudio\/#organization\"},\"potentialAction\":[{\"@type\":\"SearchAction\",\"target\":{\"@type\":\"EntryPoint\",\"urlTemplate\":\"https:\/\/ksmstudio.pl\/nowastr\/ksmstudio\/?s={search_term_string}\"},\"query-input\":{\"@type\":\"PropertyValueSpecification\",\"valueRequired\":true,\"valueName\":\"search_term_string\"}}],\"inLanguage\":\"pl-PL\"},{\"@type\":\"Organization\",\"@id\":\"https:\/\/ksmstudio.pl\/nowastr\/ksmstudio\/#organization\",\"name\":\"Ksm Studio Klaudia Szyszko-Marceniuk\",\"url\":\"https:\/\/ksmstudio.pl\/nowastr\/ksmstudio\/\",\"logo\":{\"@type\":\"ImageObject\",\"inLanguage\":\"pl-PL\",\"@id\":\"https:\/\/ksmstudio.pl\/nowastr\/ksmstudio\/#\/schema\/logo\/image\/\",\"url\":\"https:\/\/ksmstudio.pl\/nowastr\/ksmstudio\/wp-content\/uploads\/2017\/09\/oocjiljjlgjkilam.png\",\"contentUrl\":\"https:\/\/ksmstudio.pl\/nowastr\/ksmstudio\/wp-content\/uploads\/2017\/09\/oocjiljjlgjkilam.png\",\"width\":200,\"height\":200,\"caption\":\"Ksm Studio Klaudia Szyszko-Marceniuk\"},\"image\":{\"@id\":\"https:\/\/ksmstudio.pl\/nowastr\/ksmstudio\/#\/schema\/logo\/image\/\"},\"sameAs\":[\"https:\/\/www.facebook.com\/KsmStudiopl\",\"https:\/\/www.instagram.com\/ksmstudiolegnica\/\"]}]}<\/script>\n<!-- \/ Yoast SEO plugin. -->","yoast_head_json":{"title":"Pude\u0142ka z nadrukiem - Ksm Studio","robots":{"index":"index","follow":"follow","max-snippet":"max-snippet:-1","max-image-preview":"max-image-preview:large","max-video-preview":"max-video-preview:-1"},"canonical":"https:\/\/ksmstudio.pl\/nowastr\/ksmstudio\/1317-2\/","og_locale":"pl_PL","og_type":"article","og_title":"Pude\u0142ka z nadrukiem - Ksm Studio","og_description":"Wykonujemy pude\u0142ka kartonowe z nadrukiem lub bez, wyr\u00f3\u017cniaj\u0105ce si\u0119 niebanalnym designem i wysok\u0105 estetyk\u0105 wykonania. Co najwa\u017cniejsze, do stworzenia ekskluzywnych opakowa\u0144 nie jest wymagany kosztowny wykrojnik. Tworzymy opakowania dopasowane do ka\u017cdego produktu, wykorzystuj\u0105c r\u00f3\u017cne okleiny premium, idealne do z\u0142oce\u0144, srebrze\u0144 i t\u0142ocze\u0144. Jeste\u015bmy w stanie wyprodukowa\u0107 wszystkie rodzaje pude\u0142ek, zar\u00f3wno ma\u0142e, jak i du\u017ce, w [&hellip;]","og_url":"https:\/\/ksmstudio.pl\/nowastr\/ksmstudio\/1317-2\/","og_site_name":"Ksm Studio","article_publisher":"https:\/\/www.facebook.com\/KsmStudiopl","article_modified_time":"2025-03-13T05:55:53+00:00","twitter_card":"summary_large_image","twitter_misc":{"Szacowany czas czytania":"1 minuta"},"schema":{"@context":"https:\/\/schema.org","@graph":[{"@type":"WebPage","@id":"https:\/\/ksmstudio.pl\/nowastr\/ksmstudio\/1317-2\/","url":"https:\/\/ksmstudio.pl\/nowastr\/ksmstudio\/1317-2\/","name":"Pude\u0142ka z nadrukiem - Ksm Studio","isPartOf":{"@id":"https:\/\/ksmstudio.pl\/nowastr\/ksmstudio\/#website"},"datePublished":"2018-10-25T09:57:07+00:00","dateModified":"2025-03-13T05:55:53+00:00","breadcrumb":{"@id":"https:\/\/ksmstudio.pl\/nowastr\/ksmstudio\/1317-2\/#breadcrumb"},"inLanguage":"pl-PL","potentialAction":[{"@type":"ReadAction","target":["https:\/\/ksmstudio.pl\/nowastr\/ksmstudio\/1317-2\/"]}]},{"@type":"BreadcrumbList","@id":"https:\/\/ksmstudio.pl\/nowastr\/ksmstudio\/1317-2\/#breadcrumb","itemListElement":[{"@type":"ListItem","position":1,"name":"Strona g\u0142\u00f3wna","item":"https:\/\/ksmstudio.pl\/nowastr\/ksmstudio\/"},{"@type":"ListItem","position":2,"name":"Pude\u0142ka z nadrukiem"}]},{"@type":"WebSite","@id":"https:\/\/ksmstudio.pl\/nowastr\/ksmstudio\/#website","url":"https:\/\/ksmstudio.pl\/nowastr\/ksmstudio\/","name":"Ksm Studio","description":"Drukarnia Reklama Opakowania","publisher":{"@id":"https:\/\/ksmstudio.pl\/nowastr\/ksmstudio\/#organization"},"potentialAction":[{"@type":"SearchAction","target":{"@type":"EntryPoint","urlTemplate":"https:\/\/ksmstudio.pl\/nowastr\/ksmstudio\/?s={search_term_string}"},"query-input":{"@type":"PropertyValueSpecification","valueRequired":true,"valueName":"search_term_string"}}],"inLanguage":"pl-PL"},{"@type":"Organization","@id":"https:\/\/ksmstudio.pl\/nowastr\/ksmstudio\/#organization","name":"Ksm Studio Klaudia Szyszko-Marceniuk","url":"https:\/\/ksmstudio.pl\/nowastr\/ksmstudio\/","logo":{"@type":"ImageObject","inLanguage":"pl-PL","@id":"https:\/\/ksmstudio.pl\/nowastr\/ksmstudio\/#\/schema\/logo\/image\/","url":"https:\/\/ksmstudio.pl\/nowastr\/ksmstudio\/wp-content\/uploads\/2017\/09\/oocjiljjlgjkilam.png","contentUrl":"https:\/\/ksmstudio.pl\/nowastr\/ksmstudio\/wp-content\/uploads\/2017\/09\/oocjiljjlgjkilam.png","width":200,"height":200,"caption":"Ksm Studio Klaudia Szyszko-Marceniuk"},"image":{"@id":"https:\/\/ksmstudio.pl\/nowastr\/ksmstudio\/#\/schema\/logo\/image\/"},"sameAs":["https:\/\/www.facebook.com\/KsmStudiopl","https:\/\/www.instagram.com\/ksmstudiolegnica\/"]}]}},"_links":{"self":[{"href":"https:\/\/ksmstudio.pl\/nowastr\/ksmstudio\/wp-json\/wp\/v2\/pages\/1317","targetHints":{"allow":["GET"]}}],"collection":[{"href":"https:\/\/ksmstudio.pl\/nowastr\/ksmstudio\/wp-json\/wp\/v2\/pages"}],"about":[{"href":"https:\/\/ksmstudio.pl\/nowastr\/ksmstudio\/wp-json\/wp\/v2\/types\/page"}],"author":[{"embeddable":true,"href":"https:\/\/ksmstudio.pl\/nowastr\/ksmstudio\/wp-json\/wp\/v2\/users\/2"}],"replies":[{"embeddable":true,"href":"https:\/\/ksmstudio.pl\/nowastr\/ksmstudio\/wp-json\/wp\/v2\/comments?post=1317"}],"version-history":[{"count":8,"href":"https:\/\/ksmstudio.pl\/nowastr\/ksmstudio\/wp-json\/wp\/v2\/pages\/1317\/revisions"}],"predecessor-version":[{"id":1827,"href":"https:\/\/ksmstudio.pl\/nowastr\/ksmstudio\/wp-json\/wp\/v2\/pages\/1317\/revisions\/1827"}],"wp:attachment":[{"href":"https:\/\/ksmstudio.pl\/nowastr\/ksmstudio\/wp-json\/wp\/v2\/media?parent=1317"}],"curies":[{"name":"wp","href":"https:\/\/api.w.org\/{rel}","templated":true}]}}